{"id":20,"date":"2023-05-02T14:59:31","date_gmt":"2023-05-02T17:59:31","guid":{"rendered":"https:\/\/tipotemporarioblogs.com.br\/stxembalagens\/blog\/?page_id=20"},"modified":"2023-11-27T10:24:28","modified_gmt":"2023-11-27T13:24:28","slug":"home","status":"publish","type":"page","link":"https:\/\/www.mikrostamp.com.br\/blog\/","title":{"rendered":"Home"},"content":{"rendered":"\n<h1>\n\t\tBlog Mikro-Stamp\n\t<\/h1>\n\t<p>Voc\u00ea atualizado com informa\u00e7\u00f5es de nossos servi\u00e7os<\/p>\n\t\t\t<a href=\"https:\/\/www.mikrostamp.com.br\/blog\/category\/corte\/\" target=\"_self\" role=\"button\" rel=\"noopener\">\n\t\t\t\t\t\t\tCorte\n\t\t\t\t\t<\/a>\n\t\t\t<a href=\"https:\/\/www.mikrostamp.com.br\/blog\/category\/dobra\/\" target=\"_self\" role=\"button\" rel=\"noopener\">\n\t\t\t\t\t\t\tDobra\n\t\t\t\t\t<\/a>\n\t\t\t<a href=\"https:\/\/www.mikrostamp.com.br\/blog\/category\/solda\/\" target=\"_self\" role=\"button\" rel=\"noopener\">\n\t\t\t\t\t\t\tSolda\n\t\t\t\t\t<\/a>\n\t\t\t<a href=\"https:\/\/www.mikrostamp.com.br\/blog\/category\/caldeiraria\/\" target=\"_self\" role=\"button\" rel=\"noopener\">\n\t\t\t\t\t\t\tCaldeiraria\n\t\t\t\t\t<\/a>\n\t\t\t<a href=\"https:\/\/www.mikrostamp.com.br\/blog\/category\/estamparia\/\" target=\"_self\" role=\"button\" rel=\"noopener\">\n\t\t\t\t\t\t\tEstamparia\n\t\t\t\t\t<\/a>\n\t\t\t<a href=\"https:\/\/www.mikrostamp.com.br\/blog\/category\/usinagem\/\" target=\"_self\" role=\"button\" rel=\"noopener\">\n\t\t\t\t\t\t\tUsinagem\n\t\t\t\t\t<\/a>\n<h3>\n\t\tTodas as publica\u00e7\u00f5es\n\t<\/h3>\n\t<h3>Deseja receber not\u00edcias e novidades em primeira m\u00e3o?<\/h3>\n\n","protected":false},"excerpt":{"rendered":"<p>Blog Mikro-Stamp Voc\u00ea atualizado com informa\u00e7\u00f5es de nossos servi\u00e7os Corte Dobra Solda Caldeiraria Estamparia Usinagem Todas as publica\u00e7\u00f5es Deseja receber not\u00edcias e novidades em primeira m\u00e3o?<\/p>\n","protected":false},"author":1,"featured_media":0,"parent":0,"menu_order":0,"comment_status":"closed","ping_status":"closed","template":"","meta":{"_kad_post_transparent":"","_kad_post_title":"","_kad_post_layout":"","_kad_post_sidebar_id":"","_kad_post_content_style":"","_kad_post_vertical_padding":"","_kad_post_feature":"","_kad_post_feature_position":"","_kad_post_header":false,"_kad_post_footer":false,"footnotes":""},"class_list":["post-20","page","type-page","status-publish","hentry"],"_links":{"self":[{"href":"https:\/\/www.mikrostamp.com.br\/blog\/wp-json\/wp\/v2\/pages\/20","targetHints":{"allow":["GET"]}}],"collection":[{"href":"https:\/\/www.mikrostamp.com.br\/blog\/wp-json\/wp\/v2\/pages"}],"about":[{"href":"https:\/\/www.mikrostamp.com.br\/blog\/wp-json\/wp\/v2\/types\/page"}],"author":[{"embeddable":true,"href":"https:\/\/www.mikrostamp.com.br\/blog\/wp-json\/wp\/v2\/users\/1"}],"replies":[{"embeddable":true,"href":"https:\/\/www.mikrostamp.com.br\/blog\/wp-json\/wp\/v2\/comments?post=20"}],"version-history":[{"count":31,"href":"https:\/\/www.mikrostamp.com.br\/blog\/wp-json\/wp\/v2\/pages\/20\/revisions"}],"predecessor-version":[{"id":416,"href":"https:\/\/www.mikrostamp.com.br\/blog\/wp-json\/wp\/v2\/pages\/20\/revisions\/416"}],"wp:attachment":[{"href":"https:\/\/www.mikrostamp.com.br\/blog\/wp-json\/wp\/v2\/media?parent=20"}],"curies":[{"name":"wp","href":"https:\/\/api.w.org\/{rel}","templated":true}]}}